{"id":12620,"date":"2019-01-06T22:56:48","date_gmt":"2019-01-06T22:56:48","guid":{"rendered":"https:\/\/kanzlei-kobrel.de\/?page_id=12620"},"modified":"2019-01-31T09:28:43","modified_gmt":"2019-01-31T09:28:43","slug":"allgemeines-zivilrecht-vertragsrecht","status":"publish","type":"page","link":"https:\/\/kanzlei-kobrel.de\/de\/allgemeines-zivilrecht-vertragsrecht\/","title":{"rendered":"Allgemeines Zivilrecht, Vertragsrecht"},"content":{"rendered":"<div class=\"row \"><div class=\"wpv-grid grid-1-1  wpv-first-level first unextended\" style=\"padding-top:0px;padding-bottom:0px\" id=\"wpv-column-0493675d3f1c898648b92657636ac458\" ><div class=\"row \"><div class=\"wpv-grid grid-1-1  first unextended\" style=\"padding-top:0px;padding-bottom:0px\" id=\"wpv-column-6e66472752f483e90115c0b132b63525\" ><p style=\"text-align: justify;\">Das B\u00fcrgerliche Recht in Deutschland regelt die Rechtsbeziehungen von Privatpersonen und umfasst Angelegenheiten, Rechte und Pflichten aus den verschiedenen Rechtsgebieten, z.B. Handelsrecht, Vertragsrecht, Verbraucher- und Verbraucherschutzrecht, Rechtsschutz bei Beeintr\u00e4chtigung des gesch\u00e4ftlichen Rufs usw.<\/p>\n<p style=\"text-align: justify;\">Dabei sind von gro\u00dfer Bedeutung die Entstehung, Durchsetzung und Beitreibung eines Anspruches sowie Verj\u00e4hrung des Anspruches in Schadenersatzanspruchsangelegenheiten. Gerade hier kann eine Beratung durch unsere Kanzlei Ihnen einen \u00dcberblick \u00fcber die Rechtslage verschaffen.<\/p>\n<p>Die Kanzlei Kobrel ist unter anderem in folgenden Angelegenheiten:<\/p>\n<div>\n<ul>\n<li>Vertragsrecht<\/li>\n<li>au\u00dfervertragliche Verh\u00e4ltnisse<\/li>\n<li>Einziehung der f\u00e4lligen Betr\u00e4ge, Beitreibung und R\u00fcckf\u00fchrung der Schulden;<\/li>\n<li>au\u00dfergerichtliche und gerichtliche Beitreibung der Forderungen (Mahn- und Vollstreckungsverfahren);<\/li>\n<li>Beitreibung von Schadenersatzanspr\u00fcchen an die Versicherungsgesellschaften;<\/li>\n<li>Regelung bei Streitigkeiten mit den Banken;<\/li>\n<li>Regelung bei Streitigkeiten mit den Banken;<\/li>\n<li>Entwicklung von Vertr\u00e4gen und Vereinbarungen aller Art;<\/li>\n<\/ul>\n<\/div><\/div><\/div><\/div><\/div>\n","protected":false},"excerpt":{"rendered":"<p>Das B\u00fcrgerliche Recht in Deutschland regelt die Rechtsbeziehungen von Privatpersonen und umfasst Angelegenheiten, Rechte und Pflichten aus den verschiedenen Rechtsgebieten, z.B. Handelsrecht, Vertragsrecht, Verbraucher- und Verbraucherschutzrecht, Rechtsschutz bei Beeintr\u00e4chtigung des gesch\u00e4ftlichen Rufs usw. Dabei sind von gro\u00dfer Bedeutung die Entstehung, Durchsetzung und Beitreibung eines Anspruches sowie Verj\u00e4hrung des Anspruches in Schadenersatzanspruchsangelegenheiten. Gerade hier kann eine&#8230;<\/p>\n","protected":false},"author":3,"featured_media":0,"parent":0,"menu_order":0,"comment_status":"closed","ping_status":"closed","template":"","meta":{"footnotes":""},"class_list":["post-12620","page","type-page","status-publish","hentry"],"_links":{"self":[{"href":"https:\/\/kanzlei-kobrel.de\/de\/wp-json\/wp\/v2\/pages\/12620\/"}],"collection":[{"href":"https:\/\/kanzlei-kobrel.de\/de\/wp-json\/wp\/v2\/pages\/"}],"about":[{"href":"https:\/\/kanzlei-kobrel.de\/de\/wp-json\/wp\/v2\/types\/page\/"}],"author":[{"embeddable":true,"href":"https:\/\/kanzlei-kobrel.de\/de\/wp-json\/wp\/v2\/users\/3\/"}],"replies":[{"embeddable":true,"href":"https:\/\/kanzlei-kobrel.de\/de\/wp-json\/wp\/v2\/comments\/?post=12620"}],"version-history":[{"count":0,"href":"https:\/\/kanzlei-kobrel.de\/de\/wp-json\/wp\/v2\/pages\/12620\/revisions\/"}],"wp:attachment":[{"href":"https:\/\/kanzlei-kobrel.de\/de\/wp-json\/wp\/v2\/media\/?parent=12620"}],"curies":[{"name":"wp","href":"https:\/\/api.w.org\/{rel}","templated":true}]}}