{"id":12624,"date":"2019-01-06T22:59:37","date_gmt":"2019-01-06T22:59:37","guid":{"rendered":"https:\/\/kanzlei-kobrel.de\/?page_id=12624"},"modified":"2023-02-13T14:57:09","modified_gmt":"2023-02-13T14:57:09","slug":"familien-und-erbrecht","status":"publish","type":"page","link":"https:\/\/kanzlei-kobrel.de\/de\/familien-und-erbrecht\/","title":{"rendered":"Familien- und Erbrecht"},"content":{"rendered":"<div class=\"row \"><div class=\"wpv-grid grid-1-1  wpv-first-level first unextended\" style=\"padding-top:0px;padding-bottom:0px\" id=\"wpv-column-3053e51aef92c2d6d6c253da618b0043\" ><div class=\"row \"><div class=\"wpv-grid grid-1-1  first unextended\" style=\"padding-top:0px;padding-bottom:0px\" id=\"wpv-column-84e52a56da09ae33bed0fa8646a92864\" ><p>Als Erbrechtsexperten bieten wir Ihnen professionelle Unterst\u00fctzung bei der Abwicklung von Erbschaftsangelegenheiten zwischen Russland und Deutschland. Wir verstehen, dass es f\u00fcr Sie m\u00f6glicherweise nicht m\u00f6glich oder praktisch ist, pers\u00f6nlich nach Russland zu reisen, um Ihre Erbschaftsangelegenheiten zu regeln. Deshalb bieten wir Ihnen eine bequeme und effektive L\u00f6sung, mit der Sie Ihre Erbschaft in Russland annehmen k\u00f6nnen, ohne dass Sie reisen m\u00fcssen.<\/p>\n<p>Unsere Dienstleistungen umfassen eine umfassende Beratung zur Erbschaftsannahme, die \u00dcberpr\u00fcfung der Erbschaftsdokumente, die Erstellung von Erbschaftsvertr\u00e4gen sowie die Durchf\u00fchrung aller erforderlichen Verfahren und Formalit\u00e4ten in Russland. Unser erfahrenes Team k\u00fcmmert sich um alle Details, um sicherzustellen, dass Ihre Erbschaftsangelegenheiten professionell und reibungslos abgewickelt werden.<\/p>\n<p>Unsere Anwaltsgeb\u00fchren f\u00fcr die Abwicklung von Erbschaftsangelegenheiten zwischen Russland und Deutschland betragen in der Regel zwischen 4.000 und 5.000 Euro als Anzahlung. Wir sind jedoch bestrebt, unsere Geb\u00fchren so transparent und fair wie m\u00f6glich zu gestalten, und wir werden die Details unserer Geb\u00fchrenstruktur gerne im Rahmen unserer Beratung mit Ihnen besprechen.<\/p>\n<p>Wenn Sie eine Erbschaft in Russland annehmen m\u00f6chten, ohne pers\u00f6nlich nach Russland zu reisen, sind wir hier, um Ihnen zu helfen. Kontaktieren Sie uns, um weitere Informationen zu erhalten und um zu erfahren, wie wir Ihnen bei der Abwicklung Ihrer Erbschaftsangelegenheiten in Russland helfen k\u00f6nnen. Wir sprechen Deutsch und stehen Ihnen gerne zur Verf\u00fcgung.\n<\/p><\/div><\/div><\/div><\/div><\/div>\n","protected":false},"excerpt":{"rendered":"<p>Als Erbrechtsexperten bieten wir Ihnen professionelle Unterst\u00fctzung bei der Abwicklung von Erbschaftsangelegenheiten zwischen Russland und Deutschland. Wir verstehen, dass es f\u00fcr Sie m\u00f6glicherweise nicht m\u00f6glich oder praktisch ist, pers\u00f6nlich nach Russland zu reisen, um Ihre Erbschaftsangelegenheiten zu regeln. Deshalb bieten wir Ihnen eine bequeme und effektive L\u00f6sung, mit der Sie Ihre Erbschaft in Russland annehmen&#8230;<\/p>\n","protected":false},"author":3,"featured_media":0,"parent":0,"menu_order":0,"comment_status":"closed","ping_status":"closed","template":"","meta":{"footnotes":""},"class_list":["post-12624","page","type-page","status-publish","hentry"],"_links":{"self":[{"href":"https:\/\/kanzlei-kobrel.de\/de\/wp-json\/wp\/v2\/pages\/12624\/"}],"collection":[{"href":"https:\/\/kanzlei-kobrel.de\/de\/wp-json\/wp\/v2\/pages\/"}],"about":[{"href":"https:\/\/kanzlei-kobrel.de\/de\/wp-json\/wp\/v2\/types\/page\/"}],"author":[{"embeddable":true,"href":"https:\/\/kanzlei-kobrel.de\/de\/wp-json\/wp\/v2\/users\/3\/"}],"replies":[{"embeddable":true,"href":"https:\/\/kanzlei-kobrel.de\/de\/wp-json\/wp\/v2\/comments\/?post=12624"}],"version-history":[{"count":2,"href":"https:\/\/kanzlei-kobrel.de\/de\/wp-json\/wp\/v2\/pages\/12624\/revisions\/"}],"predecessor-version":[{"id":13821,"href":"https:\/\/kanzlei-kobrel.de\/de\/wp-json\/wp\/v2\/pages\/12624\/revisions\/13821\/"}],"wp:attachment":[{"href":"https:\/\/kanzlei-kobrel.de\/de\/wp-json\/wp\/v2\/media\/?parent=12624"}],"curies":[{"name":"wp","href":"https:\/\/api.w.org\/{rel}","templated":true}]}}