{"id":12637,"date":"2019-01-07T13:05:40","date_gmt":"2019-01-07T13:05:40","guid":{"rendered":"https:\/\/kanzlei-kobrel.de\/?page_id=12637"},"modified":"2019-01-31T09:39:05","modified_gmt":"2019-01-31T09:39:05","slug":"handelsrecht","status":"publish","type":"page","link":"https:\/\/kanzlei-kobrel.de\/de\/handelsrecht\/","title":{"rendered":"Handelsrecht"},"content":{"rendered":"<div class=\"row \"><div class=\"wpv-grid grid-1-1  wpv-first-level first unextended\" style=\"padding-top:0px;padding-bottom:0px\" id=\"wpv-column-f1f7c567814297f3854957e74a7986ac\" ><div class=\"row \"><div class=\"wpv-grid grid-1-1  first unextended\" style=\"padding-top:0px;padding-bottom:0px\" id=\"wpv-column-f9b8a1126558c3e1ea724661e9a291d7\" ><p style=\"text-align: justify;\">Sind Sie ein Unternehmer? Entstehen bei Ihnen juristische Fragen, die mit den Wechselbeziehungen zwischen Gesch\u00e4ftspartnern und Dritten verbunden sind (K\u00e4ufer, Banken, Sponsoren, Lieferanten)?<\/p>\n<p style=\"text-align: justify;\">Die Experten der Kanzlei Kobrel beraten den ausl\u00e4ndischen Produzenten und Lieferanten in Fragen der Einf\u00fchrung von eigenen Waren- und Dienstleistungen auf den deutschen Markt, der Gr\u00fcndung von Tochterfirmen in Deutschland usw.<\/p>\n<p>Wir gew\u00e4hren unseren Mandanten praktische Unterst\u00fctzung und Begleitung bei Investitions- und Handelsprojekten in Deutschland und den GUS Staaten.<\/p>\n<p>Der Umfang unserer Dienstleistungen konzentrierst sich unter anderem auf die :<\/p>\n<div>\n<ul>\n<li>Unterst\u00fctzung beim Gr\u00fcndungsvorhaben, z.B. Gr\u00fcndung einer GmbH;<\/li>\n<li>juristischen Expertise von Vertr\u00e4gen;<\/li>\n<li>Vertretung der Interessen der Mandanten bei der Vertragsgestaltung;<\/li>\n<li>Beratung bez\u00fcglich der Wahl einer Gesellschaftsform;<\/li>\n<li>Vorbereitung der Satzung und des Gesellschaftsvertrages;<\/li>\n<li>Zusammenstellung und Expertise von au\u00dfenwirtschaftlichen Vertr\u00e4gen;<\/li>\n<li>Vertretung der rechtlichen Interessen in Fragen Vertragserf\u00fcllung<\/li>\n<\/ul>\n<\/div><\/div><\/div><\/div><\/div>\n","protected":false},"excerpt":{"rendered":"<p>Sind Sie ein Unternehmer? Entstehen bei Ihnen juristische Fragen, die mit den Wechselbeziehungen zwischen Gesch\u00e4ftspartnern und Dritten verbunden sind (K\u00e4ufer, Banken, Sponsoren, Lieferanten)? Die Experten der Kanzlei Kobrel beraten den ausl\u00e4ndischen Produzenten und Lieferanten in Fragen der Einf\u00fchrung von eigenen Waren- und Dienstleistungen auf den deutschen Markt, der Gr\u00fcndung von Tochterfirmen in Deutschland usw. Wir&#8230;<\/p>\n","protected":false},"author":3,"featured_media":0,"parent":0,"menu_order":0,"comment_status":"closed","ping_status":"closed","template":"","meta":{"footnotes":""},"class_list":["post-12637","page","type-page","status-publish","hentry"],"_links":{"self":[{"href":"https:\/\/kanzlei-kobrel.de\/de\/wp-json\/wp\/v2\/pages\/12637\/"}],"collection":[{"href":"https:\/\/kanzlei-kobrel.de\/de\/wp-json\/wp\/v2\/pages\/"}],"about":[{"href":"https:\/\/kanzlei-kobrel.de\/de\/wp-json\/wp\/v2\/types\/page\/"}],"author":[{"embeddable":true,"href":"https:\/\/kanzlei-kobrel.de\/de\/wp-json\/wp\/v2\/users\/3\/"}],"replies":[{"embeddable":true,"href":"https:\/\/kanzlei-kobrel.de\/de\/wp-json\/wp\/v2\/comments\/?post=12637"}],"version-history":[{"count":0,"href":"https:\/\/kanzlei-kobrel.de\/de\/wp-json\/wp\/v2\/pages\/12637\/revisions\/"}],"wp:attachment":[{"href":"https:\/\/kanzlei-kobrel.de\/de\/wp-json\/wp\/v2\/media\/?parent=12637"}],"curies":[{"name":"wp","href":"https:\/\/api.w.org\/{rel}","templated":true}]}}