{"id":12641,"date":"2019-01-07T13:08:44","date_gmt":"2019-01-07T13:08:44","guid":{"rendered":"https:\/\/kanzlei-kobrel.de\/?page_id=12641"},"modified":"2019-01-31T09:44:22","modified_gmt":"2019-01-31T09:44:22","slug":"internationaler-warenverkehr","status":"publish","type":"page","link":"https:\/\/kanzlei-kobrel.de\/de\/internationaler-warenverkehr\/","title":{"rendered":"Internationaler Warenverkehr"},"content":{"rendered":"<div class=\"row \"><div class=\"wpv-grid grid-1-1  wpv-first-level first unextended\" style=\"padding-top:0px;padding-bottom:0px\" id=\"wpv-column-876963d4863e3427ac7852ac29f335bd\" ><div class=\"row \"><div class=\"wpv-grid grid-1-1  first unextended\" style=\"padding-top:0px;padding-bottom:0px\" id=\"wpv-column-8e3154f1b89fcb6a99589b69bd414cb3\" ><p style=\"text-align: justify;\">Der Internationaler Warenverkehr ist im internationalen Gesetz CISG (Convention on Contracts for the International Sale of Goods) verankert, auch als UN_Kaufrecht genannt. Dieser Randbereich des Handelsrechts wurde durch Deutschland ratifiziert und geh\u00f6rt zum Standard wenn es um internationalen Handel mir Waren aller Art geht. Viele Vertr\u00e4ge werden mit Verwendung der Begrifflichkeiten wie CIF, FOB usw. geschlossen. All dies sind Begriffe aus dem UN-Kaufrecht.<\/p>\n<p style=\"text-align: justify;\">Unsere Kanzlei kann Ihnen auf Grundlage langj\u00e4hriger Erfahrung folgende Dienste in diesem Rechtsgebiet erweisen:<\/p>\n<ul>\n<li>Erstellung von Vertr\u00e4gen zum Internationalen Warenverkehr<\/li>\n<li>\u00dcberwachung der Vertragsabwicklung und rechtliche \u00dcberpr\u00fcfung der laufenden Gesch\u00e4ftsverbindungen<\/li>\n<li>Treuhand f\u00fcr die Kaufsumme w\u00e4hren der Lieferung der Ware (Alternative zur Bank Garantie)<\/li>\n<li>Herstellung von Kontakten zu Lieferanten und Abnehmern in Russland, Kasachstan, UAE und Ukraine<\/li>\n<\/ul><\/div><\/div><\/div><\/div>\n","protected":false},"excerpt":{"rendered":"<p>Der Internationaler Warenverkehr ist im internationalen Gesetz CISG (Convention on Contracts for the International Sale of Goods) verankert, auch als UN_Kaufrecht genannt. Dieser Randbereich des Handelsrechts wurde durch Deutschland ratifiziert und geh\u00f6rt zum Standard wenn es um internationalen Handel mir Waren aller Art geht. Viele Vertr\u00e4ge werden mit Verwendung der Begrifflichkeiten wie CIF, FOB usw&#8230;.<\/p>\n","protected":false},"author":3,"featured_media":0,"parent":0,"menu_order":0,"comment_status":"closed","ping_status":"closed","template":"","meta":{"footnotes":""},"class_list":["post-12641","page","type-page","status-publish","hentry"],"_links":{"self":[{"href":"https:\/\/kanzlei-kobrel.de\/de\/wp-json\/wp\/v2\/pages\/12641\/"}],"collection":[{"href":"https:\/\/kanzlei-kobrel.de\/de\/wp-json\/wp\/v2\/pages\/"}],"about":[{"href":"https:\/\/kanzlei-kobrel.de\/de\/wp-json\/wp\/v2\/types\/page\/"}],"author":[{"embeddable":true,"href":"https:\/\/kanzlei-kobrel.de\/de\/wp-json\/wp\/v2\/users\/3\/"}],"replies":[{"embeddable":true,"href":"https:\/\/kanzlei-kobrel.de\/de\/wp-json\/wp\/v2\/comments\/?post=12641"}],"version-history":[{"count":0,"href":"https:\/\/kanzlei-kobrel.de\/de\/wp-json\/wp\/v2\/pages\/12641\/revisions\/"}],"wp:attachment":[{"href":"https:\/\/kanzlei-kobrel.de\/de\/wp-json\/wp\/v2\/media\/?parent=12641"}],"curies":[{"name":"wp","href":"https:\/\/api.w.org\/{rel}","templated":true}]}}