{"id":12649,"date":"2019-01-07T13:13:06","date_gmt":"2019-01-07T13:13:06","guid":{"rendered":"https:\/\/kanzlei-kobrel.de\/?page_id=12649"},"modified":"2019-01-31T10:06:30","modified_gmt":"2019-01-31T10:06:30","slug":"transportrecht","status":"publish","type":"page","link":"https:\/\/kanzlei-kobrel.de\/de\/transportrecht\/","title":{"rendered":"Transportrecht"},"content":{"rendered":"<div class=\"row \"><div class=\"wpv-grid grid-1-1  wpv-first-level first unextended\" style=\"padding-top:0px;padding-bottom:0px\" id=\"wpv-column-cbc47966c83bd6100e88b50f8e39b917\" ><div class=\"row \"><div class=\"wpv-grid grid-1-1  first unextended\" style=\"padding-top:0px;padding-bottom:0px\" id=\"wpv-column-9cbe8aa24b4cd9ed6adbb26c4d654494\" ><p style=\"text-align: justify;\">Die Anw\u00e4lte der Kanzlei Kobrel vertreten ihre Mandanten in allen Rechtsstreitigkeiten \u00fcber die Waren- und Personenbef\u00f6rderung sowie in allen Angelegenheiten, die mit Verkehrsunf\u00e4llen verbunden sind. Wir vertreten die rechtlichen Interessen unserer Mandanten gegen\u00fcber den Versicherungsgesellschaften, der Polizei und Staatsanwaltschaften sowie vor Gerichten in folgenden F\u00e4llen:<\/p>\n<div>\n<ul>\n<li>Verkehrsvertragsrecht (Kauf und Verkauf von Fahrzeugen, Reparaturen usw.);<\/li>\n<li>Geltendmachung von Schadensersatzanspr\u00fcchen gegen den Unfallgegner und dessen Haftpflichtversicherung,<\/li>\n<li>Geschwindigkeits\u00fcbertretung, Rotlichtversto\u00df;<\/li>\n<li>F\u00fchren eines Kraftfahrzeugs unter Alkohol- oder Drogeneinfluss;<\/li>\n<li>Entzug des F\u00fchrerscheines, Abk\u00fcrzung der Sperrfrist bzw. R\u00fcckgabe der Fahrerlaubnies usw.<\/li>\n<\/ul>\n<\/div><\/div><\/div><\/div><\/div>\n","protected":false},"excerpt":{"rendered":"<p>Die Anw\u00e4lte der Kanzlei Kobrel vertreten ihre Mandanten in allen Rechtsstreitigkeiten \u00fcber die Waren- und Personenbef\u00f6rderung sowie in allen Angelegenheiten, die mit Verkehrsunf\u00e4llen verbunden sind. Wir vertreten die rechtlichen Interessen unserer Mandanten gegen\u00fcber den Versicherungsgesellschaften, der Polizei und Staatsanwaltschaften sowie vor Gerichten in folgenden F\u00e4llen: Verkehrsvertragsrecht (Kauf und Verkauf von Fahrzeugen, Reparaturen usw.); Geltendmachung von&#8230;<\/p>\n","protected":false},"author":3,"featured_media":0,"parent":0,"menu_order":0,"comment_status":"closed","ping_status":"closed","template":"","meta":{"footnotes":""},"class_list":["post-12649","page","type-page","status-publish","hentry"],"_links":{"self":[{"href":"https:\/\/kanzlei-kobrel.de\/de\/wp-json\/wp\/v2\/pages\/12649\/"}],"collection":[{"href":"https:\/\/kanzlei-kobrel.de\/de\/wp-json\/wp\/v2\/pages\/"}],"about":[{"href":"https:\/\/kanzlei-kobrel.de\/de\/wp-json\/wp\/v2\/types\/page\/"}],"author":[{"embeddable":true,"href":"https:\/\/kanzlei-kobrel.de\/de\/wp-json\/wp\/v2\/users\/3\/"}],"replies":[{"embeddable":true,"href":"https:\/\/kanzlei-kobrel.de\/de\/wp-json\/wp\/v2\/comments\/?post=12649"}],"version-history":[{"count":0,"href":"https:\/\/kanzlei-kobrel.de\/de\/wp-json\/wp\/v2\/pages\/12649\/revisions\/"}],"wp:attachment":[{"href":"https:\/\/kanzlei-kobrel.de\/de\/wp-json\/wp\/v2\/media\/?parent=12649"}],"curies":[{"name":"wp","href":"https:\/\/api.w.org\/{rel}","templated":true}]}}