{"id":12652,"date":"2019-01-07T13:15:11","date_gmt":"2019-01-07T13:15:11","guid":{"rendered":"https:\/\/kanzlei-kobrel.de\/?page_id=12652"},"modified":"2019-01-31T10:08:15","modified_gmt":"2019-01-31T10:08:15","slug":"urheberrecht","status":"publish","type":"page","link":"https:\/\/kanzlei-kobrel.de\/de\/urheberrecht\/","title":{"rendered":"Urheberrecht"},"content":{"rendered":"<div class=\"row \"><div class=\"wpv-grid grid-1-1  wpv-first-level first unextended\" style=\"padding-top:0px;padding-bottom:0px\" id=\"wpv-column-28d050b07696d7229abe23cfa52968e7\" ><div class=\"row \"><div class=\"wpv-grid grid-1-1  first unextended\" style=\"padding-top:0px;padding-bottom:0px\" id=\"wpv-column-01eb1f8e1af606b19aadf74097fc7b30\" ><p style=\"text-align: justify;\">Die Kanzlei Kobrel gew\u00e4hrt hochqualifizierte juristische Dienstleistungen und Beratungen auf dem Gebiet des Urheberrechtes und der angrenzenden Rechte, beim Erwerb, der Aufrechterhaltung, der Handlung und der Nutzung der Rechte an Objekten des geistigen Eigentums sowie an:<\/p>\n<div class=\"list-flex\">\n<ul>\n<li>Erfindungen;<\/li>\n<li>Rechte an erstellten Bilderwerken und Fotografien;<\/li>\n<li>Rechte am eigenen Bildnis bzw. der eigenen Abbildung;<\/li>\n<li>Arbeitnehmererfindungen<\/li>\n<li>industriellen Mustern;<\/li>\n<li>andere Objekte des Urheberrechtes (Computerprogramme, Datenbank, musikalischen und literarischen Werke);<\/li>\n<li>Filesharing\/ Angelegenheiten im Zusammenhang mit dem unrechtm\u00e4\u00dfigen Vertrieb der Dateien<\/li>\n<li>Warenzeichen und Originalbenennungen<\/li>\n<li>Textwerken<\/li>\n<\/ul>\n<\/div>\n<p style=\"text-align: justify;\">Wir unterst\u00fctzen unsere Mandanten bei der Vorbereitung und beim Abschluss von Verfasser- und Lizenzvertr\u00e4gen, Vertr\u00e4ge auf die \u00dcbergabe der Eigentumsrechte und beraten in Fragen der Besteuerung.<\/div><\/div><\/div><\/div>\n","protected":false},"excerpt":{"rendered":"<p>Die Kanzlei Kobrel gew\u00e4hrt hochqualifizierte juristische Dienstleistungen und Beratungen auf dem Gebiet des Urheberrechtes und der angrenzenden Rechte, beim Erwerb, der Aufrechterhaltung, der Handlung und der Nutzung der Rechte an Objekten des geistigen Eigentums sowie an: Erfindungen; Rechte an erstellten Bilderwerken und Fotografien; Rechte am eigenen Bildnis bzw. der eigenen Abbildung; Arbeitnehmererfindungen industriellen Mustern; andere&#8230;<\/p>\n","protected":false},"author":3,"featured_media":0,"parent":0,"menu_order":0,"comment_status":"closed","ping_status":"closed","template":"","meta":{"footnotes":""},"class_list":["post-12652","page","type-page","status-publish","hentry"],"_links":{"self":[{"href":"https:\/\/kanzlei-kobrel.de\/de\/wp-json\/wp\/v2\/pages\/12652\/"}],"collection":[{"href":"https:\/\/kanzlei-kobrel.de\/de\/wp-json\/wp\/v2\/pages\/"}],"about":[{"href":"https:\/\/kanzlei-kobrel.de\/de\/wp-json\/wp\/v2\/types\/page\/"}],"author":[{"embeddable":true,"href":"https:\/\/kanzlei-kobrel.de\/de\/wp-json\/wp\/v2\/users\/3\/"}],"replies":[{"embeddable":true,"href":"https:\/\/kanzlei-kobrel.de\/de\/wp-json\/wp\/v2\/comments\/?post=12652"}],"version-history":[{"count":0,"href":"https:\/\/kanzlei-kobrel.de\/de\/wp-json\/wp\/v2\/pages\/12652\/revisions\/"}],"wp:attachment":[{"href":"https:\/\/kanzlei-kobrel.de\/de\/wp-json\/wp\/v2\/media\/?parent=12652"}],"curies":[{"name":"wp","href":"https:\/\/api.w.org\/{rel}","templated":true}]}}