{"id":12672,"date":"2019-01-07T13:20:19","date_gmt":"2019-01-07T13:20:19","guid":{"rendered":"https:\/\/kanzlei-kobrel.de\/?page_id=12672"},"modified":"2019-02-28T12:02:04","modified_gmt":"2019-02-28T12:02:04","slug":"kooperationen","status":"publish","type":"page","link":"https:\/\/kanzlei-kobrel.de\/de\/kooperationen\/","title":{"rendered":"Filiale in Russland, Kasachstan, Ukraine und Dubai"},"content":{"rendered":"<div class=\"row \"><div class=\"wpv-grid grid-1-1  wpv-first-level first unextended\" style=\"padding-top:0px;padding-bottom:0px\" id=\"wpv-column-ce11ce2c06edca2f6a7a3bf3c53e0b02\" ><\/div><\/div>\n<div class=\"row \"><div class=\"wpv-grid grid-1-1  first unextended\" style=\"padding-top:0px;padding-bottom:0px\" id=\"wpv-column-21f334356b55aed6bf0557bb8222df8b\" ><\/div><\/div>\n<p style=\"text-align: justify;\">Wir kooperieren mit verschiedenen Kanzleien in Russland, Kasachstan, Ukraine und Dubai.<\/p>\n<p style=\"text-align: justify;\">Es bestehen auch bereits eigene Filialen der Kanzlei Kobrel in <a href=\"https:\/\/kanzlei-kobrel.de\/rechtsanwalt-kasachstan-almaty\/\">Kasachstan Almaty<\/a> und in der <a href=\"https:\/\/kanzlei-kobrel.de\/rechtsanwalt-moskau-russland\/\">Russischen F\u00f6deration in Moskau<\/a>.<\/p>\n<p style=\"text-align: justify;\">Weiterhin kooperieren wir mit verschiedenen Unternehmen in Deutschland und k\u00f6nnen bei entsprechendem Interesse gesch\u00e4ftliche Kontakte vermitteln.<\/p>\n<p>&nbsp;<\/p>\n","protected":false},"excerpt":{"rendered":"<p>Wir kooperieren mit verschiedenen Kanzleien in Russland, Kasachstan, Ukraine und Dubai. Es bestehen auch bereits eigene Filialen der Kanzlei Kobrel in Kasachstan Almaty und in der Russischen F\u00f6deration in Moskau. Weiterhin kooperieren wir mit verschiedenen Unternehmen in Deutschland und k\u00f6nnen bei entsprechendem Interesse gesch\u00e4ftliche Kontakte vermitteln. &nbsp;<\/p>\n","protected":false},"author":3,"featured_media":0,"parent":0,"menu_order":0,"comment_status":"closed","ping_status":"closed","template":"","meta":{"footnotes":""},"class_list":["post-12672","page","type-page","status-publish","hentry"],"_links":{"self":[{"href":"https:\/\/kanzlei-kobrel.de\/de\/wp-json\/wp\/v2\/pages\/12672\/"}],"collection":[{"href":"https:\/\/kanzlei-kobrel.de\/de\/wp-json\/wp\/v2\/pages\/"}],"about":[{"href":"https:\/\/kanzlei-kobrel.de\/de\/wp-json\/wp\/v2\/types\/page\/"}],"author":[{"embeddable":true,"href":"https:\/\/kanzlei-kobrel.de\/de\/wp-json\/wp\/v2\/users\/3\/"}],"replies":[{"embeddable":true,"href":"https:\/\/kanzlei-kobrel.de\/de\/wp-json\/wp\/v2\/comments\/?post=12672"}],"version-history":[{"count":0,"href":"https:\/\/kanzlei-kobrel.de\/de\/wp-json\/wp\/v2\/pages\/12672\/revisions\/"}],"wp:attachment":[{"href":"https:\/\/kanzlei-kobrel.de\/de\/wp-json\/wp\/v2\/media\/?parent=12672"}],"curies":[{"name":"wp","href":"https:\/\/api.w.org\/{rel}","templated":true}]}}