{"id":12677,"date":"2018-12-29T20:53:49","date_gmt":"2018-12-29T20:53:49","guid":{"rendered":"https:\/\/kanzlei-kobrel.de\/rechtsanwalt-russland-moskau\/"},"modified":"2019-02-03T17:11:38","modified_gmt":"2019-02-03T17:11:38","slug":"rechtsanwalt-russland-moskau","status":"publish","type":"page","link":"https:\/\/kanzlei-kobrel.de\/de\/rechtsanwalt-russland-moskau\/","title":{"rendered":"Anwaltliche Dienstleistungen in Russland"},"content":{"rendered":"<div class=\"row \"><div class=\"wpv-grid grid-1-1  wpv-first-level first unextended animation-fade-in animated-active\" style=\"padding-top:0px;padding-bottom:50px\" id=\"wpv-column-8bf16a29c975252d4bba336fb2cb6cb9\" >\t\t<h2 class=\"text-divider-double\">\t\t\tStandort Moskau, Russische F\u00f6deration\t\t<\/h2>\t\t<div class=\"sep\"><\/div>\t<div class=\"row \"><div class=\"wpv-grid grid-2-5  first unextended animation-fade-in animated-active\" style=\"padding-top:0px;padding-bottom:0px\" id=\"wpv-column-8210efc17706dfecc9e070430084f9fe\" ><p>Unsere Juristen und Anw\u00e4lte helfen Ihnen bei der L\u00f6sung von Rechtsfragen, leisten die juristische Unterst\u00fctzung in Russland und vertreten Ihre rechtlichen Interessen in jeder Instanz.<\/p>\n<p>Wir helfen insbesondere in folgenden Angelegenheiten:<\/p>\n<div>\n<ul>\n<li>Aufkl\u00e4rung der rechtlichen Aspekte betreffend der kommerziellen T\u00e4tigkeit, der Besteuerung oder anderer Rechtsgebiete des Rechtes der Russischen F\u00f6deration;<\/li>\n<li>Begleitung und Vertretung der rechtlichen Interessen w\u00e4hrend der gerichtlichen Rechtsstreite oder anderer Prozeduren, die mit den staatlichen Strukturen verbunden sind;<\/li>\n<li>Gr\u00fcndung,\u00a0Registrierung, Reorganisation und Liquidation von Unternehmen beliebiger Rechtsform in Russland, Gr\u00fcndung einer Filiale;<\/li>\n<li>Anerkennung und Zwangsvollstreckung deutscher Urteile in\u00a0Russland<\/li>\n<li>Vertretungen von deutschen\u00a0Unternehmen in Russland;<\/li>\n<li>Juristische Begleitung von Handelsgesch\u00e4ften in\u00a0Russland;<\/li>\n<li>Vertretung vor Gericht in Russland;<\/li>\n<li>Rechtliches Audit;<\/li>\n<li>Inkasso von Schulden in Russland;<\/li>\n<li>Lizenzierungsverfahren;<\/li>\n<li>juristische Begleitung des Kaufes von Immobilien und Grundst\u00fccke in Russland;<\/li>\n<li>juristische Unterst\u00fctzung der Erbschaftsangelegenheiten in Russland.<\/li>\n<\/ul>\n<\/div>\n<p style=\"text-align: center;\"><\/div>\n<div class=\"wpv-grid grid-3-5  unextended\" style=\"padding-top:0px;padding-bottom:0px\" id=\"wpv-column-ecae05e09fb04cc1e0f31c80e801b724\" ><div class=\"row \"><div class=\"wpv-grid grid-1-1  first has-background unextended\" style=\"\n\t\t\t\tbackground: url( 'https:\/\/kanzlei-kobrel.de\/wp-content\/uploads\/2018\/12\/1280px-Moscow-City_36211143494.jpg' ) no-repeat center top;\n\t\t\t\tbackground-size: cover;\n\t\t\tbackground-attachment: scroll;padding-top:0px;padding-bottom:0px\" id=\"wpv-column-240456ec38910f93fc8f38287b4b11ef\" ><div class=\"row \"><div class=\"wpv-grid grid-1-2  first has-background unextended\" style=\"\n\t\t\t\tbackground: url( 'https:\/\/lawyers-attorneys.vamtam.com\/wp-content\/uploads\/2014\/09\/bg-trans.png' ) repeat ;\n\t\t\t\tbackground-size: auto;\n\t\t\tpadding-top:30px;padding-bottom:30px\" id=\"wpv-column-344e65e93a19ae0b42e4eceb42c4c438\" ><div class=\"row \"><div class=\"wpv-grid grid-1-1  first unextended\" style=\"padding-top:0px;padding-bottom:0px\" id=\"wpv-column-2c827c371f9713ed0567a7031ddebd77\" ><div class=\"push\" style='height:150px'><\/div>\n<p style=\"text-align: center;\"><span style=\"color: #ffffff;\"><span class='icon shortcode theme  use-hover' style='font-size:32px !important;color:#D8D8D8;'>&#57547;<\/span><\/span><\/p>\n<p style=\"text-align: center;\"><span style=\"color: #ffffff;\"> Brjanskaya Str. 5, 121059 Moskau, Russische F\u00f6deration<\/span><br \/>\n<span style=\"color: #ffffff;\"><a style=\"color: #ffffff;\" href=\"#\">Map\u2192<\/a><\/span><\/p>\n<p style=\"text-align: center;\"><span style=\"color: #ffffff;\"><span class='icon shortcode theme  use-hover' style='font-size:32px !important;color:#D8D8D8;'>&#57471;<\/span><\/span><\/p>\n<p style=\"text-align: center;\"><span style=\"color: #ffffff;\">+49 40 500 32 120<\/span><\/p>\n<p style=\"text-align: center;\"><span style=\"color: #ffffff;\">+7 499 113 9451<\/span><\/p>\n<div class=\"push\" style='height:150px'><\/div><\/div><\/div><\/div><\/div><\/div><\/div><\/div><\/div><\/div><\/div>\n","protected":false},"excerpt":{"rendered":"<p>Unsere Juristen und Anw\u00e4lte helfen Ihnen bei der L\u00f6sung von Rechtsfragen, leisten die juristische Unterst\u00fctzung in Russland und vertreten Ihre rechtlichen Interessen in jeder Instanz. Wir helfen insbesondere in folgenden Angelegenheiten: Aufkl\u00e4rung der rechtlichen Aspekte betreffend der kommerziellen T\u00e4tigkeit, der Besteuerung oder anderer Rechtsgebiete des Rechtes der Russischen F\u00f6deration; Begleitung und Vertretung der rechtlichen Interessen&#8230;<\/p>\n","protected":false},"author":3,"featured_media":0,"parent":0,"menu_order":3,"comment_status":"closed","ping_status":"closed","template":"","meta":{"footnotes":""},"class_list":["post-12677","page","type-page","status-publish","hentry"],"_links":{"self":[{"href":"https:\/\/kanzlei-kobrel.de\/de\/wp-json\/wp\/v2\/pages\/12677\/"}],"collection":[{"href":"https:\/\/kanzlei-kobrel.de\/de\/wp-json\/wp\/v2\/pages\/"}],"about":[{"href":"https:\/\/kanzlei-kobrel.de\/de\/wp-json\/wp\/v2\/types\/page\/"}],"author":[{"embeddable":true,"href":"https:\/\/kanzlei-kobrel.de\/de\/wp-json\/wp\/v2\/users\/3\/"}],"replies":[{"embeddable":true,"href":"https:\/\/kanzlei-kobrel.de\/de\/wp-json\/wp\/v2\/comments\/?post=12677"}],"version-history":[{"count":0,"href":"https:\/\/kanzlei-kobrel.de\/de\/wp-json\/wp\/v2\/pages\/12677\/revisions\/"}],"wp:attachment":[{"href":"https:\/\/kanzlei-kobrel.de\/de\/wp-json\/wp\/v2\/media\/?parent=12677"}],"curies":[{"name":"wp","href":"https:\/\/api.w.org\/{rel}","templated":true}]}}