{"id":12694,"date":"2018-12-29T21:07:28","date_gmt":"2018-12-29T21:07:28","guid":{"rendered":"https:\/\/kanzlei-kobrel.de\/filial-v-kieve-ukraina\/"},"modified":"2021-02-26T07:36:22","modified_gmt":"2021-02-26T07:36:22","slug":"russisch-sprechender-anwalt-in-kiew","status":"publish","type":"page","link":"https:\/\/kanzlei-kobrel.de\/de\/russisch-sprechender-anwalt-in-kiew\/","title":{"rendered":"Russisch sprechender Anwalt in Kiew &#8211; Roman Kobrel"},"content":{"rendered":"<div class=\"row \"><div class=\"wpv-grid grid-1-1  wpv-first-level first unextended animation-fade-in animated-active\" style=\"padding-top:0px;padding-bottom:50px\" id=\"wpv-column-c31677f2b908d57279b094561b596765\" >\t\t<h2 class=\"text-divider-double\">\t\t\tStandort Kiew, Ukraina\t\t<\/h2>\t\t<div class=\"sep\"><\/div>\t<div class=\"row \"><div class=\"wpv-grid grid-2-5  first unextended animation-fade-in animated-active\" style=\"padding-top:0px;padding-bottom:0px\" id=\"wpv-column-ddc5e9b36d30f107fce45bdc78483860\" ><p><a href=\"https:\/\/kanzlei-kobrel.de\">Unsere Juristen und Anw\u00e4lte<\/a> helfen Ihnen bei der L\u00f6sung von Rechtsfragen, leisten die <strong>juristische Unterst\u00fctzung in der Ukraine<\/strong> und vertreten Ihre rechtlichen Interessen <strong>in jeder Instanz<\/strong>.<\/p>\n<p>Die internationale Rechtsanwaltskanzlei Kobrel bietet ihren Mandanten an:<\/p>\n<div>\n<ul>\n<li>konsultative Unterst\u00fctzung in allen Fragen, die die Besonderheiten der Gesetzgebung der Ukraine betreffen;<\/li>\n<li>Vertretung von rechtlichen Interessen w\u00e4hrend der gerichtlichen Rechtsstreite oder anderer Prozeduren, die mit den staatlichen Strukturen verbunden sind;<\/li>\n<li>Bildung, Registrierung, Reorganisationen und Liquidation von Unternehmen beliebiger Eigentumsformen, einschlie\u00dflich der Filialen.<\/li>\n<li>Vertretungen von ausl\u00e4ndischen Unternehmen;<\/li>\n<li>Registrierung ausl\u00e4ndischer Investitionen;<\/li>\n<li>Anerkennung und Zwangsvollstreckung deutscher Urteile in der Ukraine<\/li>\n<li>juristische Begleitung des Kaufes von Immobilien und Grundst\u00fccke in der Ukraine;<\/li>\n<li>juristische Unterst\u00fctzung von Erbschaftsangelegenheiten in der Ukraine.<\/li>\n<\/ul>\n<\/div><\/div>\n<div class=\"wpv-grid grid-3-5  unextended\" style=\"padding-top:0px;padding-bottom:0px\" id=\"wpv-column-46d76dda9c29ae2e9e5ea7a43ed31c5c\" ><div class=\"row \"><div class=\"wpv-grid grid-1-1  first has-background unextended\" style=\"\n\t\t\t\tbackground: url( 'https:\/\/kanzlei-kobrel.de\/wp-content\/uploads\/2018\/12\/filial-v-kiewe-1.jpg' ) no-repeat center top;\n\t\t\t\tbackground-size: cover;\n\t\t\tbackground-attachment: scroll;padding-top:0px;padding-bottom:0px\" id=\"wpv-column-8ea7b0d0e425399101f5207997b6d011\" ><div class=\"row \"><div class=\"wpv-grid grid-1-2  first has-background unextended\" style=\"\n\t\t\t\tbackground: url( 'https:\/\/lawyers-attorneys.vamtam.com\/wp-content\/uploads\/2014\/09\/bg-trans.png' ) repeat ;\n\t\t\t\tbackground-size: auto;\n\t\t\tpadding-top:30px;padding-bottom:30px\" id=\"wpv-column-89b62525d1c9cb10a921cfcddb50fad8\" ><div class=\"row \"><div class=\"wpv-grid grid-1-1  first unextended\" style=\"padding-top:0px;padding-bottom:0px\" id=\"wpv-column-1c9a4820dc4f02db4a709b7647effff6\" ><div class=\"push\" style='height:150px'><\/div>\n<p style=\"text-align: center;\"><span style=\"color: #ffffff;\"><span class='icon shortcode theme  use-hover' style='font-size:32px !important;color:#D8D8D8;'>&#57547;<\/span><\/span><\/p>\n<p style=\"text-align: center;\"><span style=\"color: #ffffff;\"> Krestowyj 6, Office 6, Kiew, Ukraine<\/span><br \/>\n<span style=\"color: #ffffff;\"><a style=\"color: #ffffff;\" href=\"#\">Map\u2192<\/a><\/span><\/p>\n<p style=\"text-align: center;\"><span style=\"color: #ffffff;\"><span class='icon shortcode theme  use-hover' style='font-size:32px !important;color:#D8D8D8;'>&#57471;<\/span><\/span><\/p>\n<p style=\"text-align: center;\"><span style=\"color: #ffffff;\">+380 94 711 6694<\/span><\/p>\n<div class=\"push\" style='height:150px'><\/div><\/div><\/div><\/div><\/div><\/div><\/div><\/div><\/div><\/div><\/div>\n","protected":false},"excerpt":{"rendered":"<p>Unsere Juristen und Anw\u00e4lte helfen Ihnen bei der L\u00f6sung von Rechtsfragen, leisten die juristische Unterst\u00fctzung in der Ukraine und vertreten Ihre rechtlichen Interessen in jeder Instanz. Die internationale Rechtsanwaltskanzlei Kobrel bietet ihren Mandanten an: konsultative Unterst\u00fctzung in allen Fragen, die die Besonderheiten der Gesetzgebung der Ukraine betreffen; Vertretung von rechtlichen Interessen w\u00e4hrend der gerichtlichen Rechtsstreite&#8230;<\/p>\n","protected":false},"author":3,"featured_media":0,"parent":0,"menu_order":3,"comment_status":"closed","ping_status":"closed","template":"","meta":{"footnotes":""},"class_list":["post-12694","page","type-page","status-publish","hentry"],"_links":{"self":[{"href":"https:\/\/kanzlei-kobrel.de\/de\/wp-json\/wp\/v2\/pages\/12694\/"}],"collection":[{"href":"https:\/\/kanzlei-kobrel.de\/de\/wp-json\/wp\/v2\/pages\/"}],"about":[{"href":"https:\/\/kanzlei-kobrel.de\/de\/wp-json\/wp\/v2\/types\/page\/"}],"author":[{"embeddable":true,"href":"https:\/\/kanzlei-kobrel.de\/de\/wp-json\/wp\/v2\/users\/3\/"}],"replies":[{"embeddable":true,"href":"https:\/\/kanzlei-kobrel.de\/de\/wp-json\/wp\/v2\/comments\/?post=12694"}],"version-history":[{"count":0,"href":"https:\/\/kanzlei-kobrel.de\/de\/wp-json\/wp\/v2\/pages\/12694\/revisions\/"}],"wp:attachment":[{"href":"https:\/\/kanzlei-kobrel.de\/de\/wp-json\/wp\/v2\/media\/?parent=12694"}],"curies":[{"name":"wp","href":"https:\/\/api.w.org\/{rel}","templated":true}]}}