{"id":12699,"date":"2018-12-29T17:14:43","date_gmt":"2018-12-29T17:14:43","guid":{"rendered":"https:\/\/kanzlei-kobrel.de\/rechtsanwalt-kasachstan-almaty-astana\/"},"modified":"2021-02-26T07:35:33","modified_gmt":"2021-02-26T07:35:33","slug":"russisch-sprechender-anwalt-in-almaty","status":"publish","type":"page","link":"https:\/\/kanzlei-kobrel.de\/de\/russisch-sprechender-anwalt-in-almaty\/","title":{"rendered":"Russisch sprechender Anwalt in Almaty &#8211; Roman Kobrel"},"content":{"rendered":"<div class=\"row \"><div class=\"wpv-grid grid-1-1  wpv-first-level first unextended animation-fade-in animated-active\" style=\"padding-top:0px;padding-bottom:50px\" id=\"wpv-column-1e482f5b91f5cfec73b176bacfc4cd7f\" >\t\t<h2 class=\"text-divider-double\">\t\t\tStandort Almaty, Kasachstan\t\t<\/h2>\t\t<div class=\"sep\"><\/div>\t<div class=\"row \"><div class=\"wpv-grid grid-2-5  first unextended animation-fade-in animated-active\" style=\"padding-top:0px;padding-bottom:0px\" id=\"wpv-column-dce987b9c731befe945eddb2d3aaddad\" ><p>Unsere Juristen und Anw\u00e4lte helfen Ihnen bei der L\u00f6sung von Rechtsfragen, leisten die juristische Unterst\u00fctzung in Almaty und anderen Regionen Kasachstans, vertreten Ihre rechtlichen Interessen in jeder Instanz.<\/p>\n<p>Ebenfalls bieten wir an:<\/p>\n<div>\n<ul>\n<li>Gr\u00fcndung,\u00a0Registrierung, Reorganisation und Liquidation von Unternehmen beliebiger Rechtsform, Gr\u00fcndung einer Filiale;<\/li>\n<li>Anerkennung und Zwangsvollstreckung deutscher Urteile in Kasachstan<\/li>\n<li>Vertretungen von deutschen\u00a0Unternehmen in Kasachstan;<\/li>\n<li>Juristische Begleitung von Handelsgesch\u00e4ften in Kasachstan;<\/li>\n<li>Vertretung vor Gericht in Kasachstan;<\/li>\n<li>Rechtliches Audit;<\/li>\n<li>Inkasso von Schulden in Kasachstan;<\/li>\n<li>Lizenzierungsverfahren;<\/li>\n<li>juristische Begleitung des Kaufes von Immobilien und Grundst\u00fccke in Kasachstan;<\/li>\n<li>juristische Unterst\u00fctzung der Erbschaftsangelegenheiten in Kasachstan.<\/li>\n<\/ul>\n<\/div><\/div>\n<div class=\"wpv-grid grid-3-5  unextended\" style=\"padding-top:0px;padding-bottom:0px\" id=\"wpv-column-1d4588134b46355f8d51a14f9015cf35\" ><div class=\"row \"><div class=\"wpv-grid grid-1-1  first has-background unextended\" style=\"\n\t\t\t\tbackground: url( 'https:\/\/kanzlei-kobrel.de\/wp-content\/uploads\/2018\/12\/1280px-Moscow-City_36211143494.jpg' ) no-repeat center top;\n\t\t\t\tbackground-size: cover;\n\t\t\tbackground-attachment: scroll;padding-top:0px;padding-bottom:0px\" id=\"wpv-column-2fcdb7b6d6f46200d7c986d6ab05ab9f\" ><div class=\"row \"><div class=\"wpv-grid grid-1-2  first has-background unextended\" style=\"\n\t\t\t\tbackground: url( 'https:\/\/lawyers-attorneys.vamtam.com\/wp-content\/uploads\/2014\/09\/bg-trans.png' ) repeat ;\n\t\t\t\tbackground-size: auto;\n\t\t\tpadding-top:30px;padding-bottom:30px\" id=\"wpv-column-42ff266b8a57d21f9fd1e2e6e50c3c12\" ><div class=\"row \"><div class=\"wpv-grid grid-1-1  first unextended\" style=\"padding-top:0px;padding-bottom:0px\" id=\"wpv-column-5775d1533fcd9091193b4abef7a79a80\" ><div class=\"push\" style='height:150px'><\/div>\n<p style=\"text-align: center;\"><span style=\"color: #ffffff;\"><span class='icon shortcode theme  use-hover' style='font-size:32px !important;color:#D8D8D8;'>&#57547;<\/span><\/span><\/p>\n<p style=\"text-align: center;\"><span style=\"color: #ffffff;\"> 151 Abay ave., 05 00 09\u00a0Almaty Kasachstan<\/span><br \/>\n<span style=\"color: #ffffff;\"><a style=\"color: #ffffff;\" href=\"#\">Map\u2192<\/a><\/span><\/p>\n<p style=\"text-align: center;\"><span style=\"color: #ffffff;\"><span class='icon shortcode theme  use-hover' style='font-size:32px !important;color:#D8D8D8;'>&#57471;<\/span><\/span><\/p>\n<p style=\"text-align: center;\"><span style=\"color: #ffffff;\">+7 701 513 81 20<\/span><\/p>\n<div class=\"push\" style='height:150px'><\/div><\/div><\/div><\/div><\/div><\/div><\/div><\/div><\/div><\/div><\/div>\n","protected":false},"excerpt":{"rendered":"<p>Unsere Juristen und Anw\u00e4lte helfen Ihnen bei der L\u00f6sung von Rechtsfragen, leisten die juristische Unterst\u00fctzung in Almaty und anderen Regionen Kasachstans, vertreten Ihre rechtlichen Interessen in jeder Instanz. Ebenfalls bieten wir an: Gr\u00fcndung,\u00a0Registrierung, Reorganisation und Liquidation von Unternehmen beliebiger Rechtsform, Gr\u00fcndung einer Filiale; Anerkennung und Zwangsvollstreckung deutscher Urteile in Kasachstan Vertretungen von deutschen\u00a0Unternehmen in Kasachstan;&#8230;<\/p>\n","protected":false},"author":3,"featured_media":0,"parent":0,"menu_order":3,"comment_status":"closed","ping_status":"closed","template":"","meta":{"footnotes":""},"class_list":["post-12699","page","type-page","status-publish","hentry"],"_links":{"self":[{"href":"https:\/\/kanzlei-kobrel.de\/de\/wp-json\/wp\/v2\/pages\/12699\/"}],"collection":[{"href":"https:\/\/kanzlei-kobrel.de\/de\/wp-json\/wp\/v2\/pages\/"}],"about":[{"href":"https:\/\/kanzlei-kobrel.de\/de\/wp-json\/wp\/v2\/types\/page\/"}],"author":[{"embeddable":true,"href":"https:\/\/kanzlei-kobrel.de\/de\/wp-json\/wp\/v2\/users\/3\/"}],"replies":[{"embeddable":true,"href":"https:\/\/kanzlei-kobrel.de\/de\/wp-json\/wp\/v2\/comments\/?post=12699"}],"version-history":[{"count":0,"href":"https:\/\/kanzlei-kobrel.de\/de\/wp-json\/wp\/v2\/pages\/12699\/revisions\/"}],"wp:attachment":[{"href":"https:\/\/kanzlei-kobrel.de\/de\/wp-json\/wp\/v2\/media\/?parent=12699"}],"curies":[{"name":"wp","href":"https:\/\/api.w.org\/{rel}","templated":true}]}}