{"id":12706,"date":"2018-12-29T21:26:23","date_gmt":"2018-12-29T21:26:23","guid":{"rendered":"https:\/\/kanzlei-kobrel.de\/filial-v-dubae\/"},"modified":"2021-02-26T07:48:30","modified_gmt":"2021-02-26T07:48:30","slug":"russischer-englischsprachiger-anwalt-in-dubai","status":"publish","type":"page","link":"https:\/\/kanzlei-kobrel.de\/de\/russischer-englischsprachiger-anwalt-in-dubai\/","title":{"rendered":"Russischer, englischsprachiger Anwalt in Dubae &#8211; Roman Kobrel"},"content":{"rendered":"<div class=\"row \"><div class=\"wpv-grid grid-1-1  wpv-first-level first unextended animation-fade-in animated-active\" style=\"padding-top:0px;padding-bottom:50px\" id=\"wpv-column-28bde2d5d0fe15761d225e85805002a9\" >\t\t<h2 class=\"text-divider-double\">\t\t\tIhr zuverl\u00e4ssiger Rechtsanwalt in Dubai\t\t<\/h2>\t\t<div class=\"sep\"><\/div>\t<div class=\"row \"><div class=\"wpv-grid grid-4-5  first unextended\" style=\"padding-top:0px;padding-bottom:0px\" id=\"wpv-column-a236b4da0afd3e6f2e2922ebda09d718\" ><div class=\"row \"><div class=\"wpv-grid grid-1-1  first unextended animation-fade-in animated-active\" style=\"padding-top:0px;padding-bottom:0px\" id=\"wpv-column-fda5952ddda5c041a4d07aecbdb753cf\" ><p style=\"text-align: justify;\">Unsere Repr\u00e4sentation in Dubai ist aufgrund eines\u00a0steigenden Zuwachses der Zuwanderer aus Deutschland nach Dubai entstanden. Ebenso w\u00e4hlen deutsche Unternehmen sehr gerne den Standort Dubai zwecks Expansion in den nahen Osten und Asien. Wir k\u00f6nnen Ihnen in Dubai umfangreiche rechtliche Beratung in diversen Bereichen anbieten. In Dubai sind wir durch f\u00e4hige und in Dubai zugelassene Anw\u00e4lte vertreten. Rufen Sie uns gerne f\u00fcr weitere Infos in Hamburg an und lassen Sie sich in deutscher Sprache beraten.<\/p>\n<h3 style=\"text-align: center;\"><a href=\"https:\/\/kanzlei-kobrel.de\/ru\/filial-v-dubae\/\">VAE<\/a><\/h3>\n<h5 style=\"text-align: center;\"><a href=\"https:\/\/kanzlei-kobrel.de\/ru\/filial-v-dubae\/\"><span class=\"accent-1\">Standort Dubai<\/span><\/a><\/h5>\n<h5 style=\"text-align: center;\"><span class=\"accent-1\">Tel.:+971507350379<\/span><\/h5>\n<p>Wir bieten in Dubai folgende Dienstleistungen an:<\/p>\n<ul>\n<li>Gr\u00fcndung einer Firma in Dubai, rund um Beratung zur nachfolgenden unternehmerischen T\u00e4tigkeit<\/li>\n<li>Product certificate in Dubai<\/li>\n<li>Government Relations in Dubai<\/li>\n<li>Au\u00dfergerichtliche und gerichtliche Vertretung in allen Angelegenheiten in Dubai<\/li>\n<li>Erwerb einer Immobilie in Dubai und die diesbez\u00fcgliche rechtliche Beratung<\/li>\n<\/ul><\/div><\/div>\n<div class=\"row \"><div class=\"wpv-grid grid-1-1  first has-background unextended\" style=\"\n\t\t\t\tbackground: url( 'https:\/\/kanzlei-kobrel.de\/wp-content\/uploads\/2018\/12\/filial-v-dubae.jpg' ) no-repeat center top;\n\t\t\t\tbackground-size: cover;\n\t\t\tbackground-attachment: scroll;padding-top:0px;padding-bottom:0px\" id=\"wpv-column-1d230aea480c6b7f25fde5603af4cefa\" ><\/div><\/div><\/div><\/div><\/div><\/div>\n","protected":false},"excerpt":{"rendered":"<p>Unsere Repr\u00e4sentation in Dubai ist aufgrund eines\u00a0steigenden Zuwachses der Zuwanderer aus Deutschland nach Dubai entstanden. Ebenso w\u00e4hlen deutsche Unternehmen sehr gerne den Standort Dubai zwecks Expansion in den nahen Osten und Asien. Wir k\u00f6nnen Ihnen in Dubai umfangreiche rechtliche Beratung in diversen Bereichen anbieten. In Dubai sind wir durch f\u00e4hige und in Dubai zugelassene Anw\u00e4lte&#8230;<\/p>\n","protected":false},"author":3,"featured_media":0,"parent":0,"menu_order":3,"comment_status":"closed","ping_status":"closed","template":"","meta":{"footnotes":""},"class_list":["post-12706","page","type-page","status-publish","hentry"],"_links":{"self":[{"href":"https:\/\/kanzlei-kobrel.de\/de\/wp-json\/wp\/v2\/pages\/12706\/"}],"collection":[{"href":"https:\/\/kanzlei-kobrel.de\/de\/wp-json\/wp\/v2\/pages\/"}],"about":[{"href":"https:\/\/kanzlei-kobrel.de\/de\/wp-json\/wp\/v2\/types\/page\/"}],"author":[{"embeddable":true,"href":"https:\/\/kanzlei-kobrel.de\/de\/wp-json\/wp\/v2\/users\/3\/"}],"replies":[{"embeddable":true,"href":"https:\/\/kanzlei-kobrel.de\/de\/wp-json\/wp\/v2\/comments\/?post=12706"}],"version-history":[{"count":5,"href":"https:\/\/kanzlei-kobrel.de\/de\/wp-json\/wp\/v2\/pages\/12706\/revisions\/"}],"predecessor-version":[{"id":13545,"href":"https:\/\/kanzlei-kobrel.de\/de\/wp-json\/wp\/v2\/pages\/12706\/revisions\/13545\/"}],"wp:attachment":[{"href":"https:\/\/kanzlei-kobrel.de\/de\/wp-json\/wp\/v2\/media\/?parent=12706"}],"curies":[{"name":"wp","href":"https:\/\/api.w.org\/{rel}","templated":true}]}}