{"id":12730,"date":"2019-01-07T21:03:44","date_gmt":"2019-01-07T21:03:44","guid":{"rendered":"https:\/\/kanzlei-kobrel.de\/?page_id=12730"},"modified":"2019-01-31T10:00:27","modified_gmt":"2019-01-31T10:00:27","slug":"rechtsgebiete","status":"publish","type":"page","link":"https:\/\/kanzlei-kobrel.de\/de\/rechtsgebiete\/","title":{"rendered":"Rechtsgebiete"},"content":{"rendered":"<div class=\"row \"><div class=\"wpv-grid grid-1-1  wpv-first-level first unextended\" style=\"padding-top:0px;padding-bottom:0px\" id=\"wpv-column-c141f756771e9e3de1ffa5db956ce07b\" ><div class=\"row \"><div class=\"wpv-grid grid-1-2  first unextended\" style=\"padding-top:0px;padding-bottom:0px\" id=\"wpv-column-1340920a7c112166b07079739304890b\" ><p>Unsere Kanzlei kann Ihnen in zahlreichen Angelegenheiten rechtlichen Beistand leisten.\u00a0Rufen Sie einfach bei uns an! Bei dem ersten Telefongespr\u00e4ch, das \u00fcbrigens kostenlos ist, werden wir sofort einsch\u00e4tzen k\u00f6nnen, ob und wie wir Ihnen behilflich sein k\u00f6nnen.<\/p>\n<p>Die\u00a0unten genannten Angaben beschreiben\u00a0deshalb nur stichwortartig die T\u00e4tigkeitsschwerpunkte.<\/p>\n<ul>\n<li>Allgemeines Zivilrecht, Vertragsrecht<\/li>\n<li>Medienrecht<\/li>\n<li>IT-Recht<\/li>\n<li>Internationaler Warenverkehr<\/li>\n<li>Transportrecht<\/li>\n<li>Handelsrecht<\/li>\n<li>Gesellschaftsrecht<\/li>\n<li>Gewerblicher Rechtsschutz<\/li>\n<li>Marken- und Patentrecht, Markeneintragung<\/li>\n<li>Abwehr von Abmahnungen im UWG oder UrhG<\/li>\n<li>Urheberrecht<\/li>\n<\/ul><\/div>\n<div class=\"wpv-grid grid-1-2  unextended\" style=\"padding-top:0px;padding-bottom:0px\" id=\"wpv-column-0a7908dca41d41795475b335458d6603\" ><h3>F\u00dcR MANDANTEN AUS DEN GUS STAATEN:<\/h3>\n<ul>\n<li>GmbH Gr\u00fcndung und anschlie\u00dfende Immigration nach Deutschland.<\/li>\n<li>Unterst\u00fctzung bei den Vertragsverhandlungen zwischen Unternehmern jeder Art.<\/li>\n<li>Unterst\u00fctzung von neuen ausl\u00e4ndischen Unternehmen durch bestehende Gesch\u00e4ftskontakte in Deutschland.<\/li>\n<\/ul>\n<h3>F\u00dcR GEWERBLICHE MANDANTEN AUS DEUTSCHLAND MIT INTERESSEN IN DEN GUS STAATEN:<\/h3>\n<ul>\n<li>Anerkennung deutscher Urteile in Russland und Kasachstan<\/li>\n<li>Zwangsvollstreckung in Russland und Kasachstan<\/li>\n<li>Interessenvertretung<\/li>\n<li>Unterst\u00fctzung bei gesch\u00e4ftlichen Vorhaben<\/li>\n<li>Unterst\u00fctzung bei staatlichen Vergabeverfahren<\/li>\n<li>Unterst\u00fctzung bei den Vertragsverhandlungen zwischen Unternehmern jeder Art<\/li>\n<\/ul><\/div><\/div><\/div><\/div>\n","protected":false},"excerpt":{"rendered":"<p>Unsere Kanzlei kann Ihnen in zahlreichen Angelegenheiten rechtlichen Beistand leisten.\u00a0Rufen Sie einfach bei uns an! Bei dem ersten Telefongespr\u00e4ch, das \u00fcbrigens kostenlos ist, werden wir sofort einsch\u00e4tzen k\u00f6nnen, ob und wie wir Ihnen behilflich sein k\u00f6nnen. Die\u00a0unten genannten Angaben beschreiben\u00a0deshalb nur stichwortartig die T\u00e4tigkeitsschwerpunkte. Allgemeines Zivilrecht, Vertragsrecht Medienrecht IT-Recht Internationaler Warenverkehr Transportrecht Handelsrecht Gesellschaftsrecht Gewerblicher&#8230;<\/p>\n","protected":false},"author":3,"featured_media":0,"parent":0,"menu_order":0,"comment_status":"closed","ping_status":"closed","template":"","meta":{"footnotes":""},"class_list":["post-12730","page","type-page","status-publish","hentry"],"_links":{"self":[{"href":"https:\/\/kanzlei-kobrel.de\/de\/wp-json\/wp\/v2\/pages\/12730\/"}],"collection":[{"href":"https:\/\/kanzlei-kobrel.de\/de\/wp-json\/wp\/v2\/pages\/"}],"about":[{"href":"https:\/\/kanzlei-kobrel.de\/de\/wp-json\/wp\/v2\/types\/page\/"}],"author":[{"embeddable":true,"href":"https:\/\/kanzlei-kobrel.de\/de\/wp-json\/wp\/v2\/users\/3\/"}],"replies":[{"embeddable":true,"href":"https:\/\/kanzlei-kobrel.de\/de\/wp-json\/wp\/v2\/comments\/?post=12730"}],"version-history":[{"count":0,"href":"https:\/\/kanzlei-kobrel.de\/de\/wp-json\/wp\/v2\/pages\/12730\/revisions\/"}],"wp:attachment":[{"href":"https:\/\/kanzlei-kobrel.de\/de\/wp-json\/wp\/v2\/media\/?parent=12730"}],"curies":[{"name":"wp","href":"https:\/\/api.w.org\/{rel}","templated":true}]}}